{"id":191,"date":"2021-11-28T12:10:42","date_gmt":"2021-11-28T11:10:42","guid":{"rendered":"https:\/\/salesas-cc.com\/www\/?page_id=191"},"modified":"2021-12-14T21:21:38","modified_gmt":"2021-12-14T20:21:38","slug":"actualidad","status":"publish","type":"page","link":"https:\/\/salesas-cc.com\/www\/actualidad\/","title":{"rendered":"Actualidad"},"content":{"rendered":"\t\t<div data-elementor-type=\"wp-page\" data-elementor-id=\"191\" class=\"elementor elementor-191\">\n\t\t\t\t\t\t<section class=\"elementor-section elementor-top-section elementor-element elementor-element-537136b elementor-section-boxed elementor-section-height-default elementor-section-height-default\" data-id=\"537136b\" data-element_type=\"section\" data-e-type=\"section\">\n\t\t\t\t\t\t<div class=\"elementor-container elementor-column-gap-default\">\n\t\t\t\t\t<div class=\"elementor-column elementor-col-100 elementor-top-column elementor-element elementor-element-af3de62\" data-id=\"af3de62\" data-element_type=\"column\" data-e-type=\"column\">\n\t\t\t<div class=\"elementor-widget-wrap elementor-element-populated\">\n\t\t\t\t\t\t<div class=\"elementor-element elementor-element-257a99b elementor-widget elementor-widget-eael-post-timeline\" data-id=\"257a99b\" data-element_type=\"widget\" data-e-type=\"widget\" data-widget_type=\"eael-post-timeline.default\">\n\t\t\t\t<div class=\"elementor-widget-container\">\n\t\t\t\t\t<div id=\"eael-post-timeline-257a99b\" class=\"eael-post-timeline timeline-layout-default eael-post-timeline-arrow-\">\n            <div class=\"eael-post-timeline eael-post-appender eael-post-appender-257a99b\"><article class=\"eael-timeline-post eael-timeline-column\">\n    <div class=\"eael-timeline-bullet\"><\/div>\n    <div class=\"eael-timeline-post-inner\">\n        <a class=\"eael-timeline-post-link\" href=\"https:\/\/salesas-cc.com\/www\/victor-manuel-la-vida-en-canciones\/\" title=\"V\u00edctor Manuel, La vida en canciones\">\n            <time datetime=\"2022-11-18\">2022-11-18<\/time>\n            <div class=\"eael-timeline-post-image  attachment-medium size-medium\" style=\"background-image: url(https:\/\/salesas-cc.com\/www\/wp-content\/uploads\/2022\/11\/Captura-300x300.jpg);\"><\/div><div class=\"eael-timeline-post-excerpt\"><p>M\u00fasica Firma 25 de Noviembre a las 18.00h Lanzamiento del...<\/p><\/div><div class=\"eael-timeline-post-title\">\n                    <h2 class=\"eael-timeline-post-title-text\">V\u00edctor Manuel, La vida en canciones<\/h2>\n                <\/div><\/a>\n    <\/div>\n<\/article><article class=\"eael-timeline-post eael-timeline-column\">\n    <div class=\"eael-timeline-bullet\"><\/div>\n    <div class=\"eael-timeline-post-inner\">\n        <a class=\"eael-timeline-post-link\" href=\"https:\/\/salesas-cc.com\/www\/abierto-miercoles-12-de-octubre\/\" title=\"Abierto Mi\u00e9rcoles 12 de Octubre\">\n            <time datetime=\"2022-10-06\">2022-10-06<\/time>\n            <div class=\"eael-timeline-post-image  attachment-medium size-medium\" style=\"background-image: url(https:\/\/salesas-cc.com\/www\/wp-content\/uploads\/2022\/10\/1dc5fff7-d7d0-4b6a-a383-5ba659387115-300x208.jpg);\"><\/div><div class=\"eael-timeline-post-excerpt\"><p><\/p><\/div><div class=\"eael-timeline-post-title\">\n                    <h2 class=\"eael-timeline-post-title-text\">Abierto Mi\u00e9rcoles 12 de Octubre<\/h2>\n                <\/div><\/a>\n    <\/div>\n<\/article><article class=\"eael-timeline-post eael-timeline-column\">\n    <div class=\"eael-timeline-bullet\"><\/div>\n    <div class=\"eael-timeline-post-inner\">\n        <a class=\"eael-timeline-post-link\" href=\"https:\/\/salesas-cc.com\/www\/pintura-esposicion\/\" title=\"Pintura Esposici\u00f3n\">\n            <time datetime=\"2022-10-06\">2022-10-06<\/time>\n            <div class=\"eael-timeline-post-image  attachment-medium size-medium\" style=\"background-image: url(https:\/\/salesas-cc.com\/www\/wp-content\/uploads\/2022\/10\/970X500-px-PINTURA-EXPOSICION-300x155.jpg);\"><\/div><div class=\"eael-timeline-post-excerpt\"><p>Desde el 6 al 15 de Octubre tendremos en la...<\/p><\/div><div class=\"eael-timeline-post-title\">\n                    <h2 class=\"eael-timeline-post-title-text\">Pintura Esposici\u00f3n<\/h2>\n                <\/div><\/a>\n    <\/div>\n<\/article><article class=\"eael-timeline-post eael-timeline-column\">\n    <div class=\"eael-timeline-bullet\"><\/div>\n    <div class=\"eael-timeline-post-inner\">\n        <a class=\"eael-timeline-post-link\" href=\"https:\/\/salesas-cc.com\/www\/oviedo-en-marcha-contra-el-cancer\/\" title=\"Oviedo en marcha contra el c\u00e1ncer\">\n            <time datetime=\"2022-09-23\">2022-09-23<\/time>\n            <div class=\"eael-timeline-post-image  attachment-medium size-medium\" style=\"background-image: url(https:\/\/salesas-cc.com\/www\/wp-content\/uploads\/2022\/09\/970-x-500-oviedo-300x156.jpg);\"><\/div><div class=\"eael-timeline-post-excerpt\"><p>El pr\u00f3ximo d\u00eda 2 de octubre se celebrar\u00e1 \u00bb La...<\/p><\/div><div class=\"eael-timeline-post-title\">\n                    <h2 class=\"eael-timeline-post-title-text\">Oviedo en marcha contra el c\u00e1ncer<\/h2>\n                <\/div><\/a>\n    <\/div>\n<\/article><\/div>\n\t\t<\/div>            <div class=\"eael-load-more-button-wrap eael-force-hide\">\n                <button class=\"eael-load-more-button\" id=\"eael-load-more-btn-257a99b\" data-widget-id=\"257a99b\" data-widget=\"257a99b\" data-page-id=\"191\" data-template=\"{&quot;dir&quot;:&quot;lite&quot;,&quot;file_name&quot;:&quot;default.php&quot;,&quot;name&quot;:&quot;Post-Timeline&quot;}\" data-class=\"Essential_Addons_Elementor\\Elements\\Post_Timeline\" data-layout=\"\" data-page=\"1\" data-args=\"orderby=date&amp;order=desc&amp;ignore_sticky_posts=1&amp;post_status=publish&amp;posts_per_page=4&amp;offset=0&amp;post_type=post\" data-max-page=\"3\">\n                    <span class=\"eael-btn-loader button__loader\"><\/span>\n                    <span class=\"eael_load_more_text\"><\/span>\n                <\/button>\n            <\/div>\n            \t\t\t\t<\/div>\n\t\t\t\t<\/div>\n\t\t\t\t\t<\/div>\n\t\t<\/div>\n\t\t\t\t\t<\/div>\n\t\t<\/section>\n\t\t\t\t<\/div>\n\t\t","protected":false},"excerpt":{"rendered":"<p>2021-11-28 Este domingo 28 de noviembre nos vemos&nbsp;&#x1f44b;&nbsp;nuestro Centro Comercial permanecer\u00e1&#8230; Abierto 28 de Noviembre 2021-11-25 Buenos d\u00edas, ponemos de nuevo en funcionamiento nuestra p\u00e1gina de&#8230; CC Salesas en Facebook<\/p>\n","protected":false},"author":1,"featured_media":338,"parent":0,"menu_order":0,"comment_status":"closed","ping_status":"closed","template":"elementor_header_footer","meta":{"footnotes":""},"class_list":["post-191","page","type-page","status-publish","has-post-thumbnail","hentry"],"_links":{"self":[{"href":"https:\/\/salesas-cc.com\/www\/wp-json\/wp\/v2\/pages\/191","targetHints":{"allow":["GET"]}}],"collection":[{"href":"https:\/\/salesas-cc.com\/www\/wp-json\/wp\/v2\/pages"}],"about":[{"href":"https:\/\/salesas-cc.com\/www\/wp-json\/wp\/v2\/types\/page"}],"author":[{"embeddable":true,"href":"https:\/\/salesas-cc.com\/www\/wp-json\/wp\/v2\/users\/1"}],"replies":[{"embeddable":true,"href":"https:\/\/salesas-cc.com\/www\/wp-json\/wp\/v2\/comments?post=191"}],"version-history":[{"count":12,"href":"https:\/\/salesas-cc.com\/www\/wp-json\/wp\/v2\/pages\/191\/revisions"}],"predecessor-version":[{"id":339,"href":"https:\/\/salesas-cc.com\/www\/wp-json\/wp\/v2\/pages\/191\/revisions\/339"}],"wp:featuredmedia":[{"embeddable":true,"href":"https:\/\/salesas-cc.com\/www\/wp-json\/wp\/v2\/media\/338"}],"wp:attachment":[{"href":"https:\/\/salesas-cc.com\/www\/wp-json\/wp\/v2\/media?parent=191"}],"curies":[{"name":"wp","href":"https:\/\/api.w.org\/{rel}","templated":true}]}}