{"id":150,"date":"2021-11-28T11:58:58","date_gmt":"2021-11-28T10:58:58","guid":{"rendered":"https:\/\/salesas-cc.com\/www\/?page_id=150"},"modified":"2023-08-07T11:31:37","modified_gmt":"2023-08-07T10:31:37","slug":"servicios","status":"publish","type":"page","link":"https:\/\/salesas-cc.com\/www\/servicios\/","title":{"rendered":"Servicios"},"content":{"rendered":"\t\t<div data-elementor-type=\"wp-page\" data-elementor-id=\"150\" class=\"elementor elementor-150\">\n\t\t\t\t\t\t<section class=\"elementor-section elementor-top-section elementor-element elementor-element-11f0c63c elementor-section-boxed elementor-section-height-default elementor-section-height-default\" data-id=\"11f0c63c\" data-element_type=\"section\" data-e-type=\"section\">\n\t\t\t\t\t\t<div class=\"elementor-container elementor-column-gap-default\">\n\t\t\t\t\t<div class=\"elementor-column elementor-col-100 elementor-top-column elementor-element elementor-element-5010c000\" data-id=\"5010c000\" data-element_type=\"column\" data-e-type=\"column\">\n\t\t\t<div class=\"elementor-widget-wrap elementor-element-populated\">\n\t\t\t\t\t\t<div class=\"elementor-element elementor-element-246abedb elementor-widget elementor-widget-heading\" data-id=\"246abedb\" data-element_type=\"widget\" data-e-type=\"widget\" data-widget_type=\"heading.default\">\n\t\t\t\t<div class=\"elementor-widget-container\">\n\t\t\t\t\t<h2 class=\"elementor-heading-title elementor-size-default\">Servicios<\/h2>\t\t\t\t<\/div>\n\t\t\t\t<\/div>\n\t\t\t\t<div class=\"elementor-element elementor-element-1389a1f7 elementor-widget-divider--view-line_icon elementor-view-framed elementor-widget-divider--element-align-center elementor-widget elementor-widget-divider\" data-id=\"1389a1f7\" data-element_type=\"widget\" data-e-type=\"widget\" data-widget_type=\"divider.default\">\n\t\t\t\t<div class=\"elementor-widget-container\">\n\t\t\t\t\t\t\t<div class=\"elementor-divider\">\n\t\t\t<span class=\"elementor-divider-separator\">\n\t\t\t\t\t\t\t<div class=\"elementor-icon elementor-divider__element\">\n\t\t\t\t\t<i aria-hidden=\"true\" class=\"far fa-star\"><\/i><\/div>\n\t\t\t\t\t\t<\/span>\n\t\t<\/div>\n\t\t\t\t\t\t<\/div>\n\t\t\t\t<\/div>\n\t\t\t\t<div class=\"elementor-element elementor-element-38a2b0ae elementor-widget elementor-widget-spacer\" data-id=\"38a2b0ae\" data-element_type=\"widget\" data-e-type=\"widget\" data-widget_type=\"spacer.default\">\n\t\t\t\t<div class=\"elementor-widget-container\">\n\t\t\t\t\t\t\t<div class=\"elementor-spacer\">\n\t\t\t<div class=\"elementor-spacer-inner\"><\/div>\n\t\t<\/div>\n\t\t\t\t\t\t<\/div>\n\t\t\t\t<\/div>\n\t\t\t\t\t<\/div>\n\t\t<\/div>\n\t\t\t\t\t<\/div>\n\t\t<\/section>\n\t\t\t\t<section class=\"elementor-section elementor-top-section elementor-element elementor-element-a77baff elementor-section-boxed elementor-section-height-default elementor-section-height-default\" data-id=\"a77baff\" data-element_type=\"section\" data-e-type=\"section\">\n\t\t\t\t\t\t<div class=\"elementor-container elementor-column-gap-default\">\n\t\t\t\t\t<div class=\"elementor-column elementor-col-33 elementor-top-column elementor-element elementor-element-043b9f9\" data-id=\"043b9f9\" data-element_type=\"column\" data-e-type=\"column\">\n\t\t\t<div class=\"elementor-widget-wrap elementor-element-populated\">\n\t\t\t\t\t\t<div class=\"elementor-element elementor-element-eaa1d19 elementor-position-top elementor-widget elementor-widget-image-box\" data-id=\"eaa1d19\" data-element_type=\"widget\" data-e-type=\"widget\" data-widget_type=\"image-box.default\">\n\t\t\t\t<div class=\"elementor-widget-container\">\n\t\t\t\t\t<div class=\"elementor-image-box-wrapper\"><figure class=\"elementor-image-box-img\"><img fetchpriority=\"high\" decoding=\"async\" width=\"2560\" height=\"1257\" src=\"https:\/\/salesas-cc.com\/www\/wp-content\/uploads\/2021\/11\/FEVE.svg_.png\" class=\"attachment-full size-full wp-image-152\" alt=\"\" srcset=\"https:\/\/salesas-cc.com\/www\/wp-content\/uploads\/2021\/11\/FEVE.svg_.png 2560w, https:\/\/salesas-cc.com\/www\/wp-content\/uploads\/2021\/11\/FEVE.svg_-300x147.png 300w, https:\/\/salesas-cc.com\/www\/wp-content\/uploads\/2021\/11\/FEVE.svg_-1024x503.png 1024w, https:\/\/salesas-cc.com\/www\/wp-content\/uploads\/2021\/11\/FEVE.svg_-768x377.png 768w, https:\/\/salesas-cc.com\/www\/wp-content\/uploads\/2021\/11\/FEVE.svg_-1536x754.png 1536w, https:\/\/salesas-cc.com\/www\/wp-content\/uploads\/2021\/11\/FEVE.svg_-2048x1006.png 2048w, https:\/\/salesas-cc.com\/www\/wp-content\/uploads\/2021\/11\/FEVE.svg_-122x60.png 122w\" sizes=\"(max-width: 2560px) 100vw, 2560px\" \/><\/figure><div class=\"elementor-image-box-content\"><h3 class=\"elementor-image-box-title\">Estaci\u00f3n Feve<\/h3><p class=\"elementor-image-box-description\">A escasos metros del centro comercial por la calle General Elorza 7 min (500m) y por Nueve de Mayo 7 min (500m)<\/p><\/div><\/div>\t\t\t\t<\/div>\n\t\t\t\t<\/div>\n\t\t\t\t\t<\/div>\n\t\t<\/div>\n\t\t\t\t<div class=\"elementor-column elementor-col-33 elementor-top-column elementor-element elementor-element-edc4b69\" data-id=\"edc4b69\" data-element_type=\"column\" data-e-type=\"column\">\n\t\t\t<div class=\"elementor-widget-wrap elementor-element-populated\">\n\t\t\t\t\t\t<div class=\"elementor-element elementor-element-ce0e9eb elementor-position-top elementor-widget elementor-widget-image-box\" data-id=\"ce0e9eb\" data-element_type=\"widget\" data-e-type=\"widget\" data-widget_type=\"image-box.default\">\n\t\t\t\t<div class=\"elementor-widget-container\">\n\t\t\t\t\t<div class=\"elementor-image-box-wrapper\"><figure class=\"elementor-image-box-img\"><img decoding=\"async\" width=\"1200\" height=\"446\" src=\"https:\/\/salesas-cc.com\/www\/wp-content\/uploads\/2021\/11\/1200px-ALSA_2019_logo.svg_.png\" class=\"attachment-full size-full wp-image-153\" alt=\"\" srcset=\"https:\/\/salesas-cc.com\/www\/wp-content\/uploads\/2021\/11\/1200px-ALSA_2019_logo.svg_.png 1200w, https:\/\/salesas-cc.com\/www\/wp-content\/uploads\/2021\/11\/1200px-ALSA_2019_logo.svg_-300x112.png 300w, https:\/\/salesas-cc.com\/www\/wp-content\/uploads\/2021\/11\/1200px-ALSA_2019_logo.svg_-1024x381.png 1024w, https:\/\/salesas-cc.com\/www\/wp-content\/uploads\/2021\/11\/1200px-ALSA_2019_logo.svg_-768x285.png 768w, https:\/\/salesas-cc.com\/www\/wp-content\/uploads\/2021\/11\/1200px-ALSA_2019_logo.svg_-161x60.png 161w\" sizes=\"(max-width: 1200px) 100vw, 1200px\" \/><\/figure><div class=\"elementor-image-box-content\"><h3 class=\"elementor-image-box-title\">Estaci\u00f3n ALSA<\/h3><p class=\"elementor-image-box-description\">A escasos metros del centro comercial por la calle General Elorza 5 min (400m) y por Nueve de Mayo 8 min (650m)<\/p><\/div><\/div>\t\t\t\t<\/div>\n\t\t\t\t<\/div>\n\t\t\t\t\t<\/div>\n\t\t<\/div>\n\t\t\t\t<div class=\"elementor-column elementor-col-33 elementor-top-column elementor-element elementor-element-cce7024\" data-id=\"cce7024\" data-element_type=\"column\" data-e-type=\"column\">\n\t\t\t<div class=\"elementor-widget-wrap elementor-element-populated\">\n\t\t\t\t\t\t<div class=\"elementor-element elementor-element-fafc8b9 elementor-position-top elementor-widget elementor-widget-image-box\" data-id=\"fafc8b9\" data-element_type=\"widget\" data-e-type=\"widget\" data-widget_type=\"image-box.default\">\n\t\t\t\t<div class=\"elementor-widget-container\">\n\t\t\t\t\t<div class=\"elementor-image-box-wrapper\"><figure class=\"elementor-image-box-img\"><img decoding=\"async\" width=\"779\" height=\"390\" src=\"https:\/\/salesas-cc.com\/www\/wp-content\/uploads\/2021\/11\/taxi_logos_PNG6.png\" class=\"attachment-full size-full wp-image-155\" alt=\"\" srcset=\"https:\/\/salesas-cc.com\/www\/wp-content\/uploads\/2021\/11\/taxi_logos_PNG6.png 779w, https:\/\/salesas-cc.com\/www\/wp-content\/uploads\/2021\/11\/taxi_logos_PNG6-300x150.png 300w, https:\/\/salesas-cc.com\/www\/wp-content\/uploads\/2021\/11\/taxi_logos_PNG6-768x384.png 768w, https:\/\/salesas-cc.com\/www\/wp-content\/uploads\/2021\/11\/taxi_logos_PNG6-120x60.png 120w\" sizes=\"(max-width: 779px) 100vw, 779px\" \/><\/figure><div class=\"elementor-image-box-content\"><h3 class=\"elementor-image-box-title\">Parada Taxi<\/h3><p class=\"elementor-image-box-description\">Paradas pr\u00f3ximas en calle Primo de Rivera y por Nueve de Mayo altura Ambulatorio de La Lila<\/p><\/div><\/div>\t\t\t\t<\/div>\n\t\t\t\t<\/div>\n\t\t\t\t\t<\/div>\n\t\t<\/div>\n\t\t\t\t\t<\/div>\n\t\t<\/section>\n\t\t\t\t<section class=\"elementor-section elementor-top-section elementor-element elementor-element-7eb3dae elementor-section-boxed elementor-section-height-default elementor-section-height-default\" data-id=\"7eb3dae\" data-element_type=\"section\" data-e-type=\"section\">\n\t\t\t\t\t\t<div class=\"elementor-container elementor-column-gap-default\">\n\t\t\t\t\t<div class=\"elementor-column elementor-col-33 elementor-top-column elementor-element elementor-element-69983fb\" data-id=\"69983fb\" data-element_type=\"column\" data-e-type=\"column\">\n\t\t\t<div class=\"elementor-widget-wrap elementor-element-populated\">\n\t\t\t\t\t\t<div class=\"elementor-element elementor-element-63a0910 elementor-position-top elementor-widget elementor-widget-image-box\" data-id=\"63a0910\" data-element_type=\"widget\" data-e-type=\"widget\" data-widget_type=\"image-box.default\">\n\t\t\t\t<div class=\"elementor-widget-container\">\n\t\t\t\t\t<div class=\"elementor-image-box-wrapper\"><figure class=\"elementor-image-box-img\"><img loading=\"lazy\" decoding=\"async\" width=\"220\" height=\"240\" src=\"https:\/\/salesas-cc.com\/www\/wp-content\/uploads\/2021\/11\/expendedoras-cajeros.png\" class=\"attachment-full size-full wp-image-160\" alt=\"\" srcset=\"https:\/\/salesas-cc.com\/www\/wp-content\/uploads\/2021\/11\/expendedoras-cajeros.png 220w, https:\/\/salesas-cc.com\/www\/wp-content\/uploads\/2021\/11\/expendedoras-cajeros-55x60.png 55w\" sizes=\"(max-width: 220px) 100vw, 220px\" \/><\/figure><div class=\"elementor-image-box-content\"><h3 class=\"elementor-image-box-title\">Expendedoras<\/h3><p class=\"elementor-image-box-description\">Disponemos de m\u00e1quina fotomat\u00f3n (Nivel 0) y de m\u00e1quinas de bebidas y snaks (Niveles 0 y 3)<\/p><\/div><\/div>\t\t\t\t<\/div>\n\t\t\t\t<\/div>\n\t\t\t\t\t<\/div>\n\t\t<\/div>\n\t\t\t\t<div class=\"elementor-column elementor-col-33 elementor-top-column elementor-element elementor-element-75aaf2c\" data-id=\"75aaf2c\" data-element_type=\"column\" data-e-type=\"column\">\n\t\t\t<div class=\"elementor-widget-wrap elementor-element-populated\">\n\t\t\t\t\t\t<div class=\"elementor-element elementor-element-bdff761 elementor-position-top elementor-widget elementor-widget-image-box\" data-id=\"bdff761\" data-element_type=\"widget\" data-e-type=\"widget\" data-widget_type=\"image-box.default\">\n\t\t\t\t<div class=\"elementor-widget-container\">\n\t\t\t\t\t<div class=\"elementor-image-box-wrapper\"><figure class=\"elementor-image-box-img\"><img loading=\"lazy\" decoding=\"async\" width=\"278\" height=\"220\" src=\"https:\/\/salesas-cc.com\/www\/wp-content\/uploads\/2021\/11\/cardio.png\" class=\"attachment-full size-full wp-image-174\" alt=\"\" srcset=\"https:\/\/salesas-cc.com\/www\/wp-content\/uploads\/2021\/11\/cardio.png 278w, https:\/\/salesas-cc.com\/www\/wp-content\/uploads\/2021\/11\/cardio-76x60.png 76w\" sizes=\"(max-width: 278px) 100vw, 278px\" \/><\/figure><div class=\"elementor-image-box-content\"><h3 class=\"elementor-image-box-title\">Columna Cardiovascular<\/h3><p class=\"elementor-image-box-description\">En nivel 0 existe un desfibrilador computarizado (DEA) que analiza autom\u00e1ticamente el ritmo cardiaco de un persona que est\u00e1 sufriendo un paro<\/p><\/div><\/div>\t\t\t\t<\/div>\n\t\t\t\t<\/div>\n\t\t\t\t\t<\/div>\n\t\t<\/div>\n\t\t\t\t<div class=\"elementor-column elementor-col-33 elementor-top-column elementor-element elementor-element-c7fd81b\" data-id=\"c7fd81b\" data-element_type=\"column\" data-e-type=\"column\">\n\t\t\t<div class=\"elementor-widget-wrap elementor-element-populated\">\n\t\t\t\t\t\t<div class=\"elementor-element elementor-element-ad46e10 elementor-position-top elementor-widget elementor-widget-image-box\" data-id=\"ad46e10\" data-element_type=\"widget\" data-e-type=\"widget\" data-widget_type=\"image-box.default\">\n\t\t\t\t<div class=\"elementor-widget-container\">\n\t\t\t\t\t<div class=\"elementor-image-box-wrapper\"><figure class=\"elementor-image-box-img\"><img loading=\"lazy\" decoding=\"async\" width=\"238\" height=\"220\" src=\"https:\/\/salesas-cc.com\/www\/wp-content\/uploads\/2021\/11\/cajero.png\" class=\"attachment-full size-full wp-image-178\" alt=\"\" srcset=\"https:\/\/salesas-cc.com\/www\/wp-content\/uploads\/2021\/11\/cajero.png 238w, https:\/\/salesas-cc.com\/www\/wp-content\/uploads\/2021\/11\/cajero-65x60.png 65w\" sizes=\"(max-width: 238px) 100vw, 238px\" \/><\/figure><div class=\"elementor-image-box-content\"><h3 class=\"elementor-image-box-title\">Cajeros Autom\u00e1ticos<\/h3><p class=\"elementor-image-box-description\">Disponemos de cajeros de La Caixa (nivel 0), Unicaja (exterior c\/Nueve de Mayo) y Sabadell (exterior c\/General Elorza)<\/p><\/div><\/div>\t\t\t\t<\/div>\n\t\t\t\t<\/div>\n\t\t\t\t\t<\/div>\n\t\t<\/div>\n\t\t\t\t\t<\/div>\n\t\t<\/section>\n\t\t\t\t<section class=\"elementor-section elementor-top-section elementor-element elementor-element-3038fd4 elementor-section-boxed elementor-section-height-default elementor-section-height-default\" data-id=\"3038fd4\" data-element_type=\"section\" data-e-type=\"section\">\n\t\t\t\t\t\t<div class=\"elementor-container elementor-column-gap-default\">\n\t\t\t\t\t<div class=\"elementor-column elementor-col-33 elementor-top-column elementor-element elementor-element-1e54fbc\" data-id=\"1e54fbc\" data-element_type=\"column\" data-e-type=\"column\">\n\t\t\t<div class=\"elementor-widget-wrap elementor-element-populated\">\n\t\t\t\t\t\t<div class=\"elementor-element elementor-element-6f2f12a elementor-position-top elementor-widget elementor-widget-image-box\" data-id=\"6f2f12a\" data-element_type=\"widget\" data-e-type=\"widget\" data-widget_type=\"image-box.default\">\n\t\t\t\t<div class=\"elementor-widget-container\">\n\t\t\t\t\t<div class=\"elementor-image-box-wrapper\"><figure class=\"elementor-image-box-img\"><img loading=\"lazy\" decoding=\"async\" width=\"220\" height=\"125\" src=\"https:\/\/salesas-cc.com\/www\/wp-content\/uploads\/2021\/11\/aseos.png\" class=\"attachment-full size-full wp-image-159\" alt=\"\" srcset=\"https:\/\/salesas-cc.com\/www\/wp-content\/uploads\/2021\/11\/aseos.png 220w, https:\/\/salesas-cc.com\/www\/wp-content\/uploads\/2021\/11\/aseos-106x60.png 106w\" sizes=\"(max-width: 220px) 100vw, 220px\" \/><\/figure><div class=\"elementor-image-box-content\"><h3 class=\"elementor-image-box-title\">Aseos<\/h3><p class=\"elementor-image-box-description\">Existen aseos p\u00fabicos y aseos p\u00fablicos para minusv\u00e1lidos en el Nivel 0 del Centro Comercial<\/p><\/div><\/div>\t\t\t\t<\/div>\n\t\t\t\t<\/div>\n\t\t\t\t\t<\/div>\n\t\t<\/div>\n\t\t\t\t<div class=\"elementor-column elementor-col-33 elementor-top-column elementor-element elementor-element-c430104\" data-id=\"c430104\" data-element_type=\"column\" data-e-type=\"column\">\n\t\t\t<div class=\"elementor-widget-wrap elementor-element-populated\">\n\t\t\t\t\t\t<div class=\"elementor-element elementor-element-a66ffb3 elementor-position-top elementor-widget elementor-widget-image-box\" data-id=\"a66ffb3\" data-element_type=\"widget\" data-e-type=\"widget\" data-widget_type=\"image-box.default\">\n\t\t\t\t<div class=\"elementor-widget-container\">\n\t\t\t\t\t<div class=\"elementor-image-box-wrapper\"><figure class=\"elementor-image-box-img\"><img decoding=\"async\" src=\"https:\/\/salesas-cc.com\/www\/wp-content\/uploads\/elementor\/thumbs\/logo-parking-phgbb97b7awu3bkk4hpk4nz2stb3q22gepkqcr06p8.png\" title=\"logo-parking\" alt=\"logo-parking\" loading=\"lazy\" \/><\/figure><div class=\"elementor-image-box-content\"><h3 class=\"elementor-image-box-title\">Parking<\/h3><p class=\"elementor-image-box-description\">Parking p\u00fablico de titularidad ajena las 24 horas del d\u00eda en los s\u00f3tanos del edificio<\/p><\/div><\/div>\t\t\t\t<\/div>\n\t\t\t\t<\/div>\n\t\t\t\t\t<\/div>\n\t\t<\/div>\n\t\t\t\t<div class=\"elementor-column elementor-col-33 elementor-top-column elementor-element elementor-element-cdce955\" data-id=\"cdce955\" data-element_type=\"column\" data-e-type=\"column\">\n\t\t\t<div class=\"elementor-widget-wrap elementor-element-populated\">\n\t\t\t\t\t\t<div class=\"elementor-element elementor-element-7fced7e elementor-position-top elementor-widget elementor-widget-image-box\" data-id=\"7fced7e\" data-element_type=\"widget\" data-e-type=\"widget\" data-widget_type=\"image-box.default\">\n\t\t\t\t<div class=\"elementor-widget-container\">\n\t\t\t\t\t<div class=\"elementor-image-box-wrapper\"><figure class=\"elementor-image-box-img\"><img loading=\"lazy\" decoding=\"async\" width=\"256\" height=\"238\" src=\"https:\/\/salesas-cc.com\/www\/wp-content\/uploads\/2021\/11\/carrusel.png\" class=\"attachment-full size-full wp-image-183\" alt=\"\" srcset=\"https:\/\/salesas-cc.com\/www\/wp-content\/uploads\/2021\/11\/carrusel.png 256w, https:\/\/salesas-cc.com\/www\/wp-content\/uploads\/2021\/11\/carrusel-65x60.png 65w\" sizes=\"(max-width: 256px) 100vw, 256px\" \/><\/figure><div class=\"elementor-image-box-content\"><h3 class=\"elementor-image-box-title\">Carruseles Infantiles<\/h3><p class=\"elementor-image-box-description\">Los podr\u00e1s encontrar en el Nivel 0<\/p><\/div><\/div>\t\t\t\t<\/div>\n\t\t\t\t<\/div>\n\t\t\t\t\t<\/div>\n\t\t<\/div>\n\t\t\t\t\t<\/div>\n\t\t<\/section>\n\t\t\t\t<section class=\"elementor-section elementor-top-section elementor-element elementor-element-07622b5 elementor-section-boxed elementor-section-height-default elementor-section-height-default\" data-id=\"07622b5\" data-element_type=\"section\" data-e-type=\"section\">\n\t\t\t\t\t\t<div class=\"elementor-container elementor-column-gap-default\">\n\t\t\t\t\t<div class=\"elementor-column elementor-col-50 elementor-top-column elementor-element elementor-element-14c929f\" data-id=\"14c929f\" data-element_type=\"column\" data-e-type=\"column\">\n\t\t\t<div class=\"elementor-widget-wrap\">\n\t\t\t\t\t\t\t<\/div>\n\t\t<\/div>\n\t\t\t\t<div class=\"elementor-column elementor-col-50 elementor-top-column elementor-element elementor-element-73ebd8c\" data-id=\"73ebd8c\" data-element_type=\"column\" data-e-type=\"column\">\n\t\t\t<div class=\"elementor-widget-wrap\">\n\t\t\t\t\t\t\t<\/div>\n\t\t<\/div>\n\t\t\t\t\t<\/div>\n\t\t<\/section>\n\t\t\t\t<section class=\"elementor-section elementor-top-section elementor-element elementor-element-5f364a3 elementor-section-boxed elementor-section-height-default elementor-section-height-default\" data-id=\"5f364a3\" data-element_type=\"section\" data-e-type=\"section\">\n\t\t\t\t\t\t<div class=\"elementor-container elementor-column-gap-default\">\n\t\t\t\t\t<div class=\"elementor-column elementor-col-100 elementor-top-column elementor-element elementor-element-25e084c\" data-id=\"25e084c\" data-element_type=\"column\" data-e-type=\"column\">\n\t\t\t<div class=\"elementor-widget-wrap elementor-element-populated\">\n\t\t\t\t\t\t<div class=\"elementor-element elementor-element-1ac03a2 elementor-widget-divider--view-line_icon elementor-view-framed elementor-widget-divider--element-align-center elementor-widget elementor-widget-divider\" data-id=\"1ac03a2\" data-element_type=\"widget\" data-e-type=\"widget\" data-widget_type=\"divider.default\">\n\t\t\t\t<div class=\"elementor-widget-container\">\n\t\t\t\t\t\t\t<div class=\"elementor-divider\">\n\t\t\t<span class=\"elementor-divider-separator\">\n\t\t\t\t\t\t\t<div class=\"elementor-icon elementor-divider__element\">\n\t\t\t\t\t<i aria-hidden=\"true\" class=\"far fa-star\"><\/i><\/div>\n\t\t\t\t\t\t<\/span>\n\t\t<\/div>\n\t\t\t\t\t\t<\/div>\n\t\t\t\t<\/div>\n\t\t\t\t\t<\/div>\n\t\t<\/div>\n\t\t\t\t\t<\/div>\n\t\t<\/section>\n\t\t\t\t<\/div>\n\t\t","protected":false},"excerpt":{"rendered":"<p>Servicios Estaci\u00f3n Feve A escasos metros del centro comercial por la calle General Elorza 7 min (500m) y por Nueve de Mayo 7 min (500m) Estaci\u00f3n ALSA A escasos metros &hellip; <\/p>\n","protected":false},"author":1,"featured_media":302,"parent":0,"menu_order":0,"comment_status":"closed","ping_status":"closed","template":"elementor_header_footer","meta":{"footnotes":""},"class_list":["post-150","page","type-page","status-publish","has-post-thumbnail","hentry"],"_links":{"self":[{"href":"https:\/\/salesas-cc.com\/www\/wp-json\/wp\/v2\/pages\/150","targetHints":{"allow":["GET"]}}],"collection":[{"href":"https:\/\/salesas-cc.com\/www\/wp-json\/wp\/v2\/pages"}],"about":[{"href":"https:\/\/salesas-cc.com\/www\/wp-json\/wp\/v2\/types\/page"}],"author":[{"embeddable":true,"href":"https:\/\/salesas-cc.com\/www\/wp-json\/wp\/v2\/users\/1"}],"replies":[{"embeddable":true,"href":"https:\/\/salesas-cc.com\/www\/wp-json\/wp\/v2\/comments?post=150"}],"version-history":[{"count":56,"href":"https:\/\/salesas-cc.com\/www\/wp-json\/wp\/v2\/pages\/150\/revisions"}],"predecessor-version":[{"id":419,"href":"https:\/\/salesas-cc.com\/www\/wp-json\/wp\/v2\/pages\/150\/revisions\/419"}],"wp:featuredmedia":[{"embeddable":true,"href":"https:\/\/salesas-cc.com\/www\/wp-json\/wp\/v2\/media\/302"}],"wp:attachment":[{"href":"https:\/\/salesas-cc.com\/www\/wp-json\/wp\/v2\/media?parent=150"}],"curies":[{"name":"wp","href":"https:\/\/api.w.org\/{rel}","templated":true}]}}